{"id":100,"date":"2011-08-29T12:34:37","date_gmt":"2011-08-29T12:34:37","guid":{"rendered":"http:\/\/www.erntezeit-hannover.de\/?page_id=100"},"modified":"2015-04-27T18:30:03","modified_gmt":"2015-04-27T16:30:03","slug":"infodienst","status":"publish","type":"page","link":"http:\/\/www.erntezeit-hannover.de\/?page_id=100","title":{"rendered":"Infodienst: Erntemeldungen"},"content":{"rendered":"<p>Aktuelle Erntemeldungen geben wir unverz\u00fcglich \u00fcber einen E-Mail Infodienst bekannt.<\/p>\n<p><strong><a href=\"mailto:gs@erntezeit-hannover.de?subject=Anmeldung zum Erntezeit-Infodienst\">Melde Dich an<\/a><\/strong>, wenn Du \u00fcber Termine von Erntezeit Hannover informiert werden m\u00f6chtest:<\/p>\n<p><script>window.jQuery || document.write('<script type=\"text\/javascript\" src=\"\/\/ajax.googleapis.com\/ajax\/libs\/jquery\/1.4.2\/jquery.min.js\"><\\\/script>')<\/script><br \/>\n<script>\nvar $cr=jQuery.noConflict();var old_src;$cr(document).ready(function(){$cr(\".cr_form\").submit(function(){$cr(this).find('.clever_form_error').removeClass('clever_form_error');$cr(this).find('.clever_form_note').remove();$cr(this).find(\".musthave\").find('input, textarea').each(function(){if(jQuery.trim($cr(this).val())==\"\"||($cr(this).is(':checkbox'))||($cr(this).is(':radio'))){if($cr(this).is(':checkbox')||($cr(this).is(':radio'))){if(!$cr(this).parent().find(\":checked\").is(\":checked\")){$cr(this).parent().addClass('clever_form_error')}}else{$cr(this).addClass('clever_form_error')}}});if($cr(this).attr(\"action\").search(document.domain)>0&&$cr(\".cr_form\").attr(\"action\").search(\"wcs\")>0){var cr_email=$cr(this).find('input[name=email]');var unsub=false;if($cr(\"input['name=cr_subunsubscribe'][value='false']\").length){if($cr(\"input['name=cr_subunsubscribe'][value='false']\").is(\":checked\")){unsub=true}}if(cr_email.val()&&!unsub){$cr.ajax({type:\"GET\",url:$cr(\".cr_form\").attr(\"action\").replace(\"wcs\",\"check_email\")+$cr(this).find('input[name=email]').val(),success:function(data){if(data){cr_email.addClass('clever_form_error').before(\"<\/p>\n<div class='clever_form_note cr_font'>\"+data+\"<\/div>\n<p>\");return false}},async:false})}var cr_captcha=$cr(this).find('input[name=captcha]');if(cr_captcha.val()){$cr.ajax({type:\"GET\",url:$cr(\".cr_form\").attr(\"action\").replace(\"wcs\",\"check_captcha\")+$cr(this).find('input[name=captcha]').val(),success:function(data){if(data){cr_captcha.addClass('clever_form_error').after(\"<\/p>\n<div style='display:block' class='clever_form_note cr_font'>\"+data+\"<\/div>\n<p>\");return false}},async:false})}}if($cr(this).find('.clever_form_error').length){return false}return true});$cr('input[class*=\"cr_number\"]').change(function(){if(isNaN($cr(this).val())){$cr(this).val(1)}if($cr(this).attr(\"min\")){if(($cr(this).val()*1)<($cr(this).attr(\"min\")*1)){$cr(this).val($cr(this).attr(\"min\"))}}if($cr(this).attr(\"max\")){if(($cr(this).val()*1)>($cr(this).attr(\"max\")*1)){$cr(this).val($cr(this).attr(\"max\"))}}});old_src=$cr(\"div[rel='captcha'] img\").attr(\"src\");if($cr(\"div[rel='captcha'] img\").length!=0){captcha_reload()}});function captcha_reload(){var timestamp=new Date().getTime();$cr(\"div[rel='captcha'] img\").attr(\"src\",\"\");$cr(\"div[rel='captcha'] img\").attr(\"src\",old_src+\"?t=\"+timestamp);return false}<\/p>\n<p><\/script><\/p>\n<style>\n.cr_site{margin:0;padding:75px 0 0 0;text-align:center;background-color:#eeeeee;}\n.cr_font{font-size: 14px;font-family: Arial;}\n.cr_body h2, .cr_header h2{font-size:22px;line-height:28px;margin:0 0 10px 0;}\n.cr_body h1, .cr_header h2{font-size:28px;margin-bottom:15px;padding:0;margin-top:0;}\n.wrapper, .cr_page{margin:0 auto 10px auto;text-align:left;border-radius:4px;}\n.cr_header{text-align:center;background: transparent !Important;}\n.cr_body label{float:none;clear:both;display:block;width:auto;margin-top:8px;text-align:left;font-weight:bold;position:relative;}\n.cr_button{display:inline-block;font-family:'Helvetica', Arial, sans-serif;width:auto;white-space:nowrap;height:32px;margin:5px 5px 0 0;padding:0 22px;text-decoration:none;text-align:center;font-weight:bold;font-style:normal;font-size:15px;line-height:32px;cursor:pointer;border:0;-moz-border-radius:4px;border-radius:4px;-webkit-border-radius:4px;vertical-align:top;}\n.cr_button{background-color:#333;color:#ffffff;}\n.cr_button:hover,.cr_button-small:hover{opacity:0.7;filter:alpha(opacity=70);}\n.powered{padding:20px 0;width:560px;margin:0 auto;}\n.formbox{line-height:150%;font-family:Helvetica;font-size:12px;color:#333333;padding:20px;background-color:#ffffff;border-radius: 6px 6px 6px 6px;}\n.cr_ipe_item label{line-height:150%;font-size:14px;}\n.cr_ipe_item textarea {background: none repeat scroll 0 0 #eeeeee;border: 1px solid #aaa;font-family: Helvetica;font-size: 16px;}\n.cr_ipe_item input {background: none repeat scroll 0 0 #eeeeee;border: 1px solid #aaa;padding: 5px;font-family: Helvetica;font-size: 16px;}\n.cr_ipe_item select {background: none repeat scroll 0 0 #eeeeee;border: 1px solid #aaa;display: block;margin: 0;padding: 5px;width: 100%;font-family: Helvetica;font-size: 16px;}\n.cr_ipe_item input.cr_ipe_radio, input.cr_ipe_checkbox {-moz-binding: none;-moz-box-sizing: border-box;background-color: -moz-field !important;border: 2px inset threedface !important;color: -moz-fieldtext !important;cursor: default;height: 13px;padding: 0 !important;width: 13px;}\n.cr_ipe_item input.cr_ipe_radio{-moz-appearance: radio;border-radius: 100% 100% 100% 100% !important;margin: 3px 3px 0 5px;}\n.submit_container{text-align:center}\n.cr_ipe_item{ padding:1px 10px; margin:1px 10px; }\n.cr_ipe_item.inactive {display:none;}\n.imprint{font-size:0.8em;}\n.cr_captcha{padding-left:130px;}\n.cr_error{font-size:1.1em;padding:10px;}\n.clever_form_error{background-color:#f99; color:#000; border:1px solid #f22 !important}\n.clever_form_note {margin:26px 0 0 3px;position:absolute;display:inline; padding: 2px 4px; font-weight:bold;background-color:#f2ecb5; color:#000; font-size:12px !important; }\n.cr_site {background-color:#eee;}\n.cr_header {color:#000000;}\n.cr_body {background-color:#ffffff;font-size:12px;color:#000000;}\n.cr_hr {background-color:#ccc;}\n.cr_site a {color:#0084ff;}\n.imprint{color:#000;}<\/p>\n<\/style>\n<style id=\"style\">\n.cr_site {background-color:#10960e;}\n.cr_body {color:#000000;background-color:#ffffff;}\n.cr_header {color:#ffffff;}\n.cr_hr {background-color:#ccc;}\n.cr_site a {color:#0084ff;}\n.imprint {color:#fff;}\n.cr_page {width:640px;}\n.cr_font {font-family:Arial;}<\/p>\n<\/style>\n<form action=\"http:\/\/63539.seu1.cleverreach.com\/f\/63539-127885\/wcs\/\" method=\"post\" target=\"_blank\">\n<div>\n<div class='non_sortable' style='text-align:left;'>\n<\/div>\n<div class='editable_content' style='text-align:left;'>\n<div id=\"2603626\" rel=\"email\" style=\"margin-bottom:px;\">\n<label for=\"text2603626\">E-Mail*<\/label> <input id=\"text2603626\" name=\"email\" value=\"\" type=\"text\" style=\"width:100%;\" \/>\n<\/div>\n<div id=\"2603628\" rel=\"button\" style=\"text-align:center; margin-bottom:px;\">\n<button type=\"submit\">Anmelden<\/button>\n<\/div>\n<div id=\"2603661\" rel=\"subunsub\" style=\"margin-bottom:15px;\">\n<label><\/label><\/p>\n<div style=\"overflow:auto;\">\n<input id=\"2603661\" name=\"cr_subunsubscribe\" type=\"radio\" value=\"true\" checked \/>Anmelden<br \/>\n<input id=\"2603661\" name=\"cr_subunsubscribe\" type=\"radio\" value=\"false\" \/>Abmelden\n<\/div>\n<\/div>\n<\/div>\n<p><noscript><a href=\"http:\/\/www.cleverreach.de\">www.CleverReach.de<\/a><\/noscript>\n<\/div>\n<div class='badge cr_page cr_body' style=\"text-align:center; border:none !Important; background:transparent !Important;\"><a href=\"http:\/\/www.cleverreach.de\/\" target=\"_blank\"><img decoding=\"async\" src=\"http:\/\/www.cleverreach.de\/cr3_images\/badget1.png\" border=\"0\" \/><\/a><\/div>\n<\/form>\n<p>Ansprechpartner: Gert Schmidt, <a href=\"mailto:gs@erntezeit-hannover.de\">gs@erntezeit-hannover.de<\/a>, 0511-64216481<\/p>\n<p><a href=\"http:\/\/www.erntezeit-hannover.de\/?page_id=49\">Datenschutzerkl\u00e4rung zum Newsletter im Impressum<\/a><\/p>\n<p>Mit unseren Kontakten entsteht ein Netzwerk f\u00fcr gemeinsames G\u00e4rtnern, Ernten, Tauschen, Kochen, Backen, Rezeptgeheimnisse, Logistik, Mobilit\u00e4t, Werkzeug, Wiedererlernen alter F\u00e4higkeiten, Erfahrungsaustausch, Versorgung mit Lebensmitteln.<\/p>\n<p><strong>Wir geben Deine Informationen weiter\u00a0<\/strong><\/p>\n<p>Erz\u00e4hl uns Deine Pl\u00e4ne und Ideen. Wir geben sie im Netzwerk weiter. Alle eingetragenen Interessenten und Interessentinnen erhalten Deine Kooperationsangebote und Hilfsanfragen. So findest Du schnell Gleichgesinnte.<\/p>\n<p>Au\u00dferdem berichten wir \u00fcber alle weiteren Aktivit\u00e4ten zur Erntezeit, z.B. gr\u00f6\u00dfere Ernte-, Koch- und Backaktionen.<\/p>\n<p>Du m\u00f6chtest mitorganisieren und Kontakt zum Team? Dann findest Du weitere Informationen auf der Seite <strong><a href=\"http:\/\/www.erntezeit-hannover.de\/?page_id=78\">Ansprechpartner<\/a><\/strong>.<\/p>\n","protected":false},"excerpt":{"rendered":"<p>Aktuelle Erntemeldungen geben wir unverz\u00fcglich \u00fcber einen E-Mail Infodienst bekannt. Melde Dich an, wenn Du \u00fcber Termine von Erntezeit Hannover informiert werden m\u00f6chtest: E-Mail* Anmelden Anmelden Abmelden www.CleverReach.de Ansprechpartner: Gert Schmidt, gs@erntezeit-hannover.de, 0511-64216481 Datenschutzerkl\u00e4rung zum Newsletter im Impressum Mit unseren Kontakten entsteht ein Netzwerk f\u00fcr gemeinsames G\u00e4rtnern, Ernten, Tauschen, Kochen, Backen, Rezeptgeheimnisse, Logistik, Mobilit\u00e4t, Werkzeug, [&hellip;]<\/p>\n","protected":false},"author":1,"featured_media":0,"parent":0,"menu_order":0,"comment_status":"open","ping_status":"open","template":"","meta":{"_genesis_hide_title":false,"_genesis_hide_breadcrumbs":false,"_genesis_hide_singular_image":false,"_genesis_hide_footer_widgets":false,"_genesis_custom_body_class":"","_genesis_custom_post_class":"","_genesis_layout":"sidebar-content-sidebar"},"_links":{"self":[{"href":"http:\/\/www.erntezeit-hannover.de\/index.php?rest_route=\/wp\/v2\/pages\/100"}],"collection":[{"href":"http:\/\/www.erntezeit-hannover.de\/index.php?rest_route=\/wp\/v2\/pages"}],"about":[{"href":"http:\/\/www.erntezeit-hannover.de\/index.php?rest_route=\/wp\/v2\/types\/page"}],"author":[{"embeddable":true,"href":"http:\/\/www.erntezeit-hannover.de\/index.php?rest_route=\/wp\/v2\/users\/1"}],"replies":[{"embeddable":true,"href":"http:\/\/www.erntezeit-hannover.de\/index.php?rest_route=%2Fwp%2Fv2%2Fcomments&post=100"}],"version-history":[{"count":0,"href":"http:\/\/www.erntezeit-hannover.de\/index.php?rest_route=\/wp\/v2\/pages\/100\/revisions"}],"wp:attachment":[{"href":"http:\/\/www.erntezeit-hannover.de\/index.php?rest_route=%2Fwp%2Fv2%2Fmedia&parent=100"}],"curies":[{"name":"wp","href":"https:\/\/api.w.org\/{rel}","templated":true}]}}