{"id":49,"date":"2011-08-25T18:55:51","date_gmt":"2011-08-25T18:55:51","guid":{"rendered":"http:\/\/www.erntezeit-hannover.de\/?page_id=49"},"modified":"2018-12-09T16:38:08","modified_gmt":"2018-12-09T14:38:08","slug":"impressum","status":"publish","type":"page","link":"https:\/\/www.erntezeit-hannover.de\/?page_id=49","title":{"rendered":"Impressum &#8211; Datenschutz"},"content":{"rendered":"<h4>Gesch\u00e4ftsf\u00fchrung, Projektmanagement, Webdesign und Redaktion<\/h4>\n<p>Gert Schmidt, Sintenisweg 12, 30455 Hannover<\/p>\n<p>Telefon 0511-64216481<\/p>\n<p>Telefax 0511-64216482<\/p>\n<p>E-Mail gs ( \u00e4 t ) upcyclingboerse-hannover.de<\/p>\n<h4>Erntezeit Hannover<br \/>\nGlocksee Bauhaus e.V. &#8211; Der Vorstand<br \/>\nGlockseestra\u00dfe 35<br \/>\n30169 Hannover (Calenberger Neustadt)<\/h4>\n<p>Postadresse<br \/>\nGlocksee Bauhaus e.V.<br \/>\nPostfach 6065<br \/>\n30060 Hannover<\/p>\n<p>SteuerNr.: 25\/207\/30433<\/p>\n<p>Registergericht: Amtsgericht Hannover<\/p>\n<p>Bank f\u00fcr Sozialwirtschaft<br \/>\nGlocksee Bauhaus e.V.<br \/>\nIBAN: DE72 2512 0510 0008 4201 00<br \/>\nBIC: BFSWDE33HAN<\/p>\n<h4>Haftungsauschluss:<\/h4>\n<p><strong>Inhalte dieser Website<\/strong><\/p>\n<p align=\"justify\">Die Inhalte dieser Website werden mit gr\u00f6\u00dftm\u00f6glicher Sorgfalt erstellt. Der Anbieter \u00fcbernimmt jedoch keine Gew\u00e4hr f\u00fcr die Richtigkeit, Vollst\u00e4ndigkeit und Aktualit\u00e4t der bereitgestellten Inhalte. Die Nutzung der Inhalte der Website erfolgt auf eigene Gefahr des Nutzers. Namentlich gekennzeichnete Beitr\u00e4ge geben die Meinung des jeweiligen Autors und nicht immer die Meinung des Anbieters wieder.<\/p>\n<p><strong>Externe Links<\/strong><\/p>\n<p align=\"justify\">Diese Website enth\u00e4lt Verkn\u00fcpfungen zu Websites Dritter (&#8222;externe Links&#8220;). Diese Websites unterliegen der Haftung der jeweiligen Betreiber. Der Anbieter hat bei der erstmaligen Verkn\u00fcpfung der externen Links die fremden Inhalte daraufhin \u00fcberpr\u00fcft, ob etwaige Rechtsverst\u00f6\u00dfe bestehen. Zu dem Zeitpunkt waren keine Rechtsverst\u00f6\u00dfe ersichtlich. Der Anbieter hat keinerlei Einfluss auf die aktuelle und zuk\u00fcnftige Gestaltung und auf die Inhalte der verkn\u00fcpften Seiten. Das Setzen von externen Links bedeutet nicht, dass sich der Anbieter die hinter dem Verweis oder Link liegenden Inhalte zu Eigen macht. Eine st\u00e4ndige Kontrolle dieser externen Links ist f\u00fcr den Anbieter ohne konkrete Hinweise auf Rechtsverst\u00f6\u00dfe nicht zumutbar. Bei Kenntnis von Rechtsverst\u00f6\u00dfen werden jedoch derartige externe Links unverz\u00fcglich gel\u00f6scht.<\/p>\n<p><strong>Datenschutz<\/strong><\/p>\n<p align=\"justify\">Die Verwendung der Kontaktdaten des Impressums zur gewerblichen Werbung ist ausdr\u00fccklich nicht erw\u00fcnscht, es sei denn der Anbieter hatte zuvor seine schriftliche Einwilligung erteilt oder es besteht bereits eine Gesch\u00e4ftsbeziehung. Der Anbieter und alle auf dieser Website genannten Personen widersprechen hiermit jeder kommerziellen Verwendung und Weitergabe ihrer Daten.<\/p>\n<p>Verantwortliche Stelle im Sinne der Datenschutzgesetze ist:<\/p>\n<p>Glocksee Bauhaus e.V. \u2013 Der Vorstand<br \/>\nGlockseestra\u00dfe 35<br \/>\n30169 Hannover (Calenberger Neustadt)<\/p>\n<p>Wenn Sie auf unsere Webseite zugreifen, werden automatisch Informationen allgemeiner Natur erfasst. Diese Informationen (Server-Logfiles) beinhalten etwa die Art des Webbrowsers, das verwendete Betriebssystem, den Domainnamen Ihres Internet Service Providers und \u00c4hnliches. Hierbei handelt es sich ausschlie\u00dflich um Informationen, welche keine R\u00fcckschl\u00fcsse auf Ihre Person zulassen. Diese Informationen sind technisch notwendig, um von Ihnen angeforderte Inhalte von Webseiten korrekt auszuliefern und fallen bei Nutzung des Internets zwingend an. Anonyme Informationen dieser Art werden von uns statistisch ausgewertet, um unseren Internetauftritt und die dahinterstehende Technik zu optimieren.<\/p>\n<p>Verwendung von Scriptbibliotheken (Google Webfonts)<br \/>\nUm unsere Inhalte browser\u00fcbergreifend korrekt und grafisch ansprechend darzustellen, verwenden wir auf dieser Website Scriptbibliotheken und Schriftbibliotheken wie z. B. Google Webfonts (https:\/\/www.google.com\/webfonts\/). Google Webfonts werden zur Vermeidung mehrfachen Ladens in den Cache Ihres Browsers \u00fcbertragen. Falls der Browser die Google Webfonts nicht unterst\u00fctzt oder den Zugriff unterbindet, werden Inhalte in einer Standardschrift angezeigt.<br \/>\nDer Aufruf von Scriptbibliotheken oder Schriftbibliotheken l\u00f6st automatisch eine Verbindung zum Betreiber der Bibliothek aus. Dabei ist es theoretisch m\u00f6glich \u2013 aktuell allerdings auch unklar ob und ggf. zu welchen Zwecken \u2013 dass Betreiber entsprechender Bibliotheken Daten erheben.<br \/>\nDie Datenschutzrichtlinie des Bibliothekbetreibers Google finden Sie hier: https:\/\/www.google.com\/policies\/privacy\/<\/p>\n<p>Eingebettete YouTube-Videos<br \/>\nIn den Webseiten zeigen wir Youtube-Videos. Betreiber der entsprechenden Plugins ist die YouTube, LLC, 901 Cherry Ave., San Bruno, CA 94066, USA. Wenn Sie eine Seite mit dem YouTube-Plugin besuchen, wird eine Verbindung zu Servern von Youtube hergestellt. Dabei wird Youtube mitgeteilt, welche Seiten Sie besuchen. Wenn Sie in Ihrem Youtube-Account eingeloggt sind, kann Youtube Ihr Surfverhalten Ihnen pers\u00f6nlich zuzuordnen. Dies verhindern Sie, indem Sie sich vorher aus Ihrem Youtube-Account ausloggen. Wird ein Youtube-Video gestartet, setzt der Anbieter Cookies ein, die Hinweise \u00fcber das Nutzerverhalten sammeln.<br \/>\nWer das Speichern von Cookies f\u00fcr das Google-Ad-Programm deaktiviert hat, wird auch beim Anschauen von Youtube-Videos mit keinen solchen Cookies rechnen m\u00fcssen. Youtube legt aber auch in anderen Cookies nicht-personenbezogene Nutzungsinformationen ab. M\u00f6chten Sie dies verhindern, so m\u00fcssen Sie das Speichern von Cookies im Browser blockieren. Weitere Informationen zum Datenschutz bei \u201eYoutube\u201c finden Sie in der Datenschutzerkl\u00e4rung des Anbieters unter https:\/\/www.google.de\/intl\/de\/policies\/privacy\/<\/p>\n<p>Newsletter<br \/>\nZurzeit werden keine Newsletter versendet.<\/p>\n<p>Ihre Rechte auf Auskunft, Berichtigung, Sperre, L\u00f6schung und Widerspruch<br \/>\nSie haben das Recht, jederzeit Auskunft \u00fcber Ihre bei uns gespeicherten personenbezogenen Daten zu erhalten. Ebenso haben Sie das Recht auf Berichtigung, Sperrung oder, abgesehen von der vorgeschriebenen Datenspeicherung zur Gesch\u00e4ftsabwicklung, L\u00f6schung Ihrer personenbezogenen Daten. Bitte wenden Sie sich dazu an unseren Datenschutzbeauftragten, Gert Schmidt, Telefon 0511-64216481, Glocksee Bauhaus e.V., z.Hd. Gert Schmidt, Glockseestra\u00dfe 35, 30169 Hannover.<\/p>\n","protected":false},"excerpt":{"rendered":"<p>Gesch\u00e4ftsf\u00fchrung, Projektmanagement, Webdesign und Redaktion Gert Schmidt, Sintenisweg 12, 30455 Hannover Telefon 0511-64216481 Telefax 0511-64216482 E-Mail gs ( \u00e4 t ) upcyclingboerse-hannover.de Erntezeit Hannover Glocksee Bauhaus e.V. &#8211; Der Vorstand Glockseestra\u00dfe 35 30169 Hannover (Calenberger Neustadt) Postadresse Glocksee Bauhaus e.V. Postfach 6065 30060 Hannover SteuerNr.: 25\/207\/30433 Registergericht: Amtsgericht Hannover Bank f\u00fcr Sozialwirtschaft Glocksee Bauhaus e.V. [&hellip;]<\/p>\n","protected":false},"author":1,"featured_media":0,"parent":0,"menu_order":0,"comment_status":"open","ping_status":"open","template":"","meta":{"_genesis_hide_title":false,"_genesis_hide_breadcrumbs":false,"_genesis_hide_singular_image":false,"_genesis_hide_footer_widgets":false,"_genesis_custom_body_class":"","_genesis_custom_post_class":"","_genesis_layout":""},"_links":{"self":[{"href":"https:\/\/www.erntezeit-hannover.de\/index.php?rest_route=\/wp\/v2\/pages\/49"}],"collection":[{"href":"https:\/\/www.erntezeit-hannover.de\/index.php?rest_route=\/wp\/v2\/pages"}],"about":[{"href":"https:\/\/www.erntezeit-hannover.de\/index.php?rest_route=\/wp\/v2\/types\/page"}],"author":[{"embeddable":true,"href":"https:\/\/www.erntezeit-hannover.de\/index.php?rest_route=\/wp\/v2\/users\/1"}],"replies":[{"embeddable":true,"href":"https:\/\/www.erntezeit-hannover.de\/index.php?rest_route=%2Fwp%2Fv2%2Fcomments&post=49"}],"version-history":[{"count":0,"href":"https:\/\/www.erntezeit-hannover.de\/index.php?rest_route=\/wp\/v2\/pages\/49\/revisions"}],"wp:attachment":[{"href":"https:\/\/www.erntezeit-hannover.de\/index.php?rest_route=%2Fwp%2Fv2%2Fmedia&parent=49"}],"curies":[{"name":"wp","href":"https:\/\/api.w.org\/{rel}","templated":true}]}}